{"id":200,"date":"2022-12-21T16:35:26","date_gmt":"2022-12-21T16:35:26","guid":{"rendered":"https:\/\/outdoorheroes.nl\/?post_type=product&#038;p=200"},"modified":"2026-03-19T15:21:01","modified_gmt":"2026-03-19T14:21:01","slug":"curso-supervivencia-nudos-refugios-barcelona","status":"publish","type":"product","link":"https:\/\/outdoorheroes.nl\/es\/product\/cursus-knopen-shelters\/","title":{"rendered":"Curso de hacer nudos y construir refugios"},"content":{"rendered":"<p class=\" translation-block\">Un refugio aumenta tus posibilidades en casi cualquier situaci\u00f3n de supervivencia. Algunos <em>supervivientes<\/em> incluso dan prioridad al refugio sobre el fuego. Las circunstancias dictan, toma decisiones. Y vas a aprender por qu\u00e9, c\u00f3mo elegir y c\u00f3mo evitar tener que elegir. La preparaci\u00f3n y el conocimiento de algunos <strong>buenos nudos y amarres<\/strong> te ser\u00e1n \u00fatiles, y no solo para construir un refugio... Piensa tambi\u00e9n en <em>cruzar un r\u00edo<\/em>, en las tareas del campamento o en una situaci\u00f3n de rescate.<\/p>\n<p class=\" translation-block\">Por lo tanto, un curso de un d\u00eda sobre nudos, puntadas y refugios es imprescindible para todos los excursionistas y campistas (diurnos). Un excursionista diurno pensar\u00e1 ahora: \"Eh, \u00bfy esto qu\u00e9 tiene que ver conmigo?\" Pero las cifras son implacables: <strong>son los excursionistas diurnos los que se pierden con m\u00e1s frecuencia<\/strong>  y los que m\u00e1s rescates necesitan por parte de los servicios de emergencia, a veces tras varios d\u00edas... \u00a1Bienvenido a Outdoor Heroes!<\/p>\n<p>El grupo comienza el d\u00eda aprendiendo nudos, amarres y amarres. Probablemente hayas o\u00eddo hablar del nudo en ocho, el ballestrinque, el nudo de pescador, la cabeza de alondra o el nudo de bolina. \u00a1Pronto podr\u00e1s hacerlos con los ojos vendados! Aprender\u00e1s a atar y aplicar una variedad de esos nudos y amarres, por ejemplo, para tensar cuerdas, unir l\u00edneas y conectar materiales.<\/p>\n<p class=\" translation-block\">Tambi\u00e9n aprender\u00e1s a construir un refugio de emergencia con materiales naturales y a montarlo de forma r\u00e1pida y segura para protegerte de los elementos y poder pasar la noche en la naturaleza si es necesario. <strong>Se trata en profundidad el uso de un refugio con lona<\/strong> (tarp shelter setups). Analizaremos y montaremos varios m\u00e9todos de configuraci\u00f3n. Y despu\u00e9s de este curso, las posibilidades de que salgas sin una lona en la mochila ser\u00e1n m\u00ednimas.<\/p>\n<p>El curso proporciona conocimientos y experiencia que puedes poner en pr\u00e1ctica de inmediato y a diario. Tanto si eres un entusiasta experimentado de las actividades al aire libre como si eres principiante, es una oportunidad \u00fanica para aprender nuevas habilidades y aumentar tu potencial para nuevas aventuras. \u00a1Por no mencionar que se trata de t\u00e9cnicas de supervivencia esenciales!<\/p>\n<p>Se proporcionar\u00e1n cuerdas, mosquetones y lonas. Si quieres probar tu propio equipo, \u00a1obviamente eso ser\u00eda lo m\u00e1s divertido!<\/p>\n<p>Por la ma\u00f1ana habr\u00e1 termos con caf\u00e9 a disposici\u00f3n de los participantes. El almuerzo no est\u00e1 incluido, \u00a1as\u00ed que traed algo para comer!<\/p>\n<p><strong>Otros detalles se enviar\u00e1n por correo electr\u00f3nico tras la inscripci\u00f3n<\/strong>.<\/p>","protected":false},"excerpt":{"rendered":"<p>\u00a1Ven a aprender c\u00f3mo crear r\u00e1pidamente un refugio y qu\u00e9 nudos te pueden resultar \u00fatiles!<\/p>\n<p>El curso tratar\u00e1 los siguientes temas:<\/p>\n<ul>\n<li>estad\u00edsticas y psicolog\u00eda de supervivencia<\/li>\n<li>refugios con lona \/ toldo<\/li>\n<li>refugios con recursos del entorno<\/li>\n<li>nudos, amarres y ataduras<\/li>\n<li>t\u00e9cnicas de tensado de cuerdas<\/li>\n<li>gesti\u00f3n de cuerdas<\/li>\n<li class=\" translation-block\">elecci\u00f3n de la cuerda (\u00bfqu\u00e9 llevas <em>siempre <\/em>contigo?)<\/li>\n<li>consejos, trucos y optimizaci\u00f3n<\/li>\n<\/ul>\n<p class=\" translation-block\">Este curso es adecuado para <span style=\"text-decoration: underline\">ni\u00f1os a partir de \u00b1 12 a\u00f1os<\/span> acompa\u00f1ados por un padre (los ni\u00f1os m\u00e1s peque\u00f1os solo con previa consulta).<\/p>\n<p>El curso se imparte en ingl\u00e9s \ud83c\uddec\ud83c\udde7 \nEnv\u00ede un mensaje por WhatsApp para preguntar si un curso tambi\u00e9n se puede impartir en espa\u00f1ol\/catal\u00e1n.<\/p>\n<p class=\" translation-block\">\u00a1Lee <a href=\"#meerinfovuur\" target=\"_self\">m\u00e1s abajo<\/a> o <a href=\"#aanmeldenvuur\" target=\"_self\">reg\u00edstrate directamente<\/a>!<\/p>","protected":false},"featured_media":13438,"template":"","meta":{"site-sidebar-layout":"default","site-content-layout":"default","ast-site-content-layout":"default","site-content-style":"default","site-sidebar-style":"default","ast-global-header-display":"","ast-banner-title-visibility":"","ast-main-header-display":"","ast-hfb-above-header-display":"","ast-hfb-below-header-display":"","ast-hfb-mobile-header-display":"","site-post-title":"","ast-breadcrumbs-content":"","ast-featured-img":"","footer-sml-layout":"","ast-disable-related-posts":"","theme-transparent-header-meta":"default","adv-header-id-meta":"","stick-header-meta":"","header-above-stick-meta":"","header-main-stick-meta":"","header-below-stick-meta":"","astra-migrate-meta-layouts":"set","ast-page-background-enabled":"default","ast-page-background-meta":{"desktop":{"background-color":"","background-image":"","background-repeat":"repeat","background-position":"center center","background-size":"auto","background-attachment":"scroll","background-type":"","background-media":"","overlay-type":"","overlay-color":"","overlay-opacity":"","overlay-gradient":""},"tablet":{"background-color":"","background-image":"","background-repeat":"repeat","background-position":"center center","background-size":"auto","background-attachment":"scroll","background-type":"","background-media":"","overlay-type":"","overlay-color":"","overlay-opacity":"","overlay-gradient":""},"mobile":{"background-color":"","background-image":"","background-repeat":"repeat","background-position":"center center","background-size":"auto","background-attachment":"scroll","background-type":"","background-media":"","overlay-type":"","overlay-color":"","overlay-opacity":"","overlay-gradient":""}},"ast-content-background-meta":{"desktop":{"background-color":"var(--ast-global-color-5)","background-image":"","background-repeat":"repeat","background-position":"center center","background-size":"auto","background-attachment":"scroll","background-type":"","background-media":"","overlay-type":"","overlay-color":"","overlay-opacity":"","overlay-gradient":""},"tablet":{"background-color":"var(--ast-global-color-5)","background-image":"","background-repeat":"repeat","background-position":"center center","background-size":"auto","background-attachment":"scroll","background-type":"","background-media":"","overlay-type":"","overlay-color":"","overlay-opacity":"","overlay-gradient":""},"mobile":{"background-color":"var(--ast-global-color-5)","background-image":"","background-repeat":"repeat","background-position":"center center","background-size":"auto","background-attachment":"scroll","background-type":"","background-media":"","overlay-type":"","overlay-color":"","overlay-opacity":"","overlay-gradient":""}}},"product_brand":[],"product_cat":[20],"product_tag":[61],"class_list":{"0":"post-200","1":"product","2":"type-product","3":"status-publish","4":"has-post-thumbnail","6":"product_cat-cursussen","7":"product_tag-knotsshelters","8":"desktop-align-left","9":"tablet-align-left","10":"mobile-align-left","12":"first","13":"instock","14":"taxable","15":"shipping-taxable","16":"purchasable","17":"product-type-variable"},"yoast_head":"<!-- This site is optimized with the Yoast SEO plugin v27.3 - https:\/\/yoast.com\/product\/yoast-seo-wordpress\/ -->\n<title>Cursus shelter bouwen, knopen leggen, tarp setups \u26fa\ufe0f | Outdoor Heroes<\/title>\n<meta name=\"description\" content=\"Leer knopen leggen en shelters bouwen tijdens deze 1-daagse (8u) survival cursus in Alella bij Barcelona. Praktisch, hands-on, Nederlands- en Engelstalig.\" \/>\n<meta name=\"robots\" content=\"index, follow, max-snippet:-1, max-image-preview:large, max-video-preview:-1\" \/>\n<link rel=\"canonical\" href=\"https:\/\/outdoorheroes.nl\/es\/producto\/curso-supervivencia-nudos-refugios-barcelona\/\" \/>\n<meta property=\"og:locale\" content=\"es_ES\" \/>\n<meta property=\"og:type\" content=\"article\" \/>\n<meta property=\"og:title\" content=\"Cursus shelter bouwen, knopen leggen, tarp setups \u26fa\ufe0f | Outdoor Heroes\" \/>\n<meta property=\"og:description\" content=\"Leer knopen leggen en shelters bouwen tijdens deze 1-daagse (8u) survival cursus in Alella bij Barcelona. Praktisch, hands-on, Nederlands- en Engelstalig.\" \/>\n<meta property=\"og:url\" content=\"https:\/\/outdoorheroes.nl\/es\/producto\/curso-supervivencia-nudos-refugios-barcelona\/\" \/>\n<meta property=\"og:site_name\" content=\"Outdoor Heroes\" \/>\n<meta property=\"article:modified_time\" content=\"2026-03-19T14:21:01+00:00\" \/>\n<meta property=\"og:image\" content=\"https:\/\/outdoorheroes.nl\/wp-content\/uploads\/2022\/12\/building-natural-lean-to-shelter.webp\" \/>\n\t<meta property=\"og:image:width\" content=\"1920\" \/>\n\t<meta property=\"og:image:height\" content=\"1280\" \/>\n\t<meta property=\"og:image:type\" content=\"image\/webp\" \/>\n<meta name=\"twitter:card\" content=\"summary_large_image\" \/>\n<meta name=\"twitter:label1\" content=\"Tiempo de lectura\" \/>\n\t<meta name=\"twitter:data1\" content=\"2 minutos\" \/>\n<script type=\"application\/ld+json\" class=\"yoast-schema-graph\">{\"@context\":\"https:\\\/\\\/schema.org\",\"@graph\":[{\"@type\":\"WebPage\",\"@id\":\"https:\\\/\\\/outdoorheroes.nl\\\/product\\\/cursus-knopen-shelters\\\/\",\"url\":\"https:\\\/\\\/outdoorheroes.nl\\\/product\\\/cursus-knopen-shelters\\\/\",\"name\":\"Cursus shelter bouwen, knopen leggen, tarp setups \u26fa\ufe0f | Outdoor Heroes\",\"isPartOf\":{\"@id\":\"https:\\\/\\\/outdoorheroes.nl\\\/#website\"},\"primaryImageOfPage\":{\"@id\":\"https:\\\/\\\/outdoorheroes.nl\\\/product\\\/cursus-knopen-shelters\\\/#primaryimage\"},\"image\":{\"@id\":\"https:\\\/\\\/outdoorheroes.nl\\\/product\\\/cursus-knopen-shelters\\\/#primaryimage\"},\"thumbnailUrl\":\"https:\\\/\\\/outdoorheroes.nl\\\/wp-content\\\/uploads\\\/2022\\\/12\\\/modified-a-frame-tarp-shelter.webp\",\"datePublished\":\"2022-12-21T16:35:26+00:00\",\"dateModified\":\"2026-03-19T14:21:01+00:00\",\"description\":\"Leer knopen leggen en shelters bouwen tijdens deze 1-daagse (8u) survival cursus in Alella bij Barcelona. Praktisch, hands-on, Nederlands- en Engelstalig.\",\"inLanguage\":\"es\",\"potentialAction\":[{\"@type\":\"ReadAction\",\"target\":[\"https:\\\/\\\/outdoorheroes.nl\\\/product\\\/cursus-knopen-shelters\\\/\"]}]},{\"@type\":\"ImageObject\",\"inLanguage\":\"es\",\"@id\":\"https:\\\/\\\/outdoorheroes.nl\\\/product\\\/cursus-knopen-shelters\\\/#primaryimage\",\"url\":\"https:\\\/\\\/outdoorheroes.nl\\\/wp-content\\\/uploads\\\/2022\\\/12\\\/modified-a-frame-tarp-shelter.webp\",\"contentUrl\":\"https:\\\/\\\/outdoorheroes.nl\\\/wp-content\\\/uploads\\\/2022\\\/12\\\/modified-a-frame-tarp-shelter.webp\",\"width\":1920,\"height\":1280,\"caption\":\"Knopen en shelter cursus: aangepaste A-frame tarp shelter in de sneeuw.\"},{\"@type\":\"WebSite\",\"@id\":\"https:\\\/\\\/outdoorheroes.nl\\\/#website\",\"url\":\"https:\\\/\\\/outdoorheroes.nl\\\/\",\"name\":\"Outdoor Heroes\",\"description\":\"Outdoor Adventures, Survival Courses &amp; Team Building\",\"publisher\":{\"@id\":\"https:\\\/\\\/outdoorheroes.nl\\\/#organization\"},\"potentialAction\":[{\"@type\":\"SearchAction\",\"target\":{\"@type\":\"EntryPoint\",\"urlTemplate\":\"https:\\\/\\\/outdoorheroes.nl\\\/?s={search_term_string}\"},\"query-input\":{\"@type\":\"PropertyValueSpecification\",\"valueRequired\":true,\"valueName\":\"search_term_string\"}}],\"inLanguage\":\"es\"},{\"@type\":\"Organization\",\"@id\":\"https:\\\/\\\/outdoorheroes.nl\\\/#organization\",\"name\":\"Outdoor Heroes\",\"url\":\"https:\\\/\\\/outdoorheroes.nl\\\/\",\"logo\":{\"@type\":\"ImageObject\",\"inLanguage\":\"es\",\"@id\":\"https:\\\/\\\/outdoorheroes.nl\\\/#\\\/schema\\\/logo\\\/image\\\/\",\"url\":\"https:\\\/\\\/outdoorheroes.nl\\\/wp-content\\\/uploads\\\/2026\\\/03\\\/outdoor-heroes-logo-bl.webp\",\"contentUrl\":\"https:\\\/\\\/outdoorheroes.nl\\\/wp-content\\\/uploads\\\/2026\\\/03\\\/outdoor-heroes-logo-bl.webp\",\"width\":900,\"height\":900,\"caption\":\"Outdoor Heroes\"},\"image\":{\"@id\":\"https:\\\/\\\/outdoorheroes.nl\\\/#\\\/schema\\\/logo\\\/image\\\/\"},\"sameAs\":[\"https:\\\/\\\/www.instagram.com\\\/outdoorheroes.official\\\/\",\"https:\\\/\\\/www.youtube.com\\\/@outdoorheroes.official\\\/\"]}]}<\/script>\n<!-- \/ Yoast SEO plugin. -->","yoast_head_json":{"title":"Curso de construcci\u00f3n de refugios cerca de Barcelona | Aprende a hacer nudos y a montar lonas \u26fa\ufe0f","description":"Aprende a hacer nudos y construir refugios durante este curso de supervivencia de un d\u00eda (8 horas) en Alella, Barcelona. Pr\u00e1ctico, con ejercicios manuales.","robots":{"index":"index","follow":"follow","max-snippet":"max-snippet:-1","max-image-preview":"max-image-preview:large","max-video-preview":"max-video-preview:-1"},"canonical":"https:\/\/outdoorheroes.nl\/es\/producto\/curso-supervivencia-nudos-refugios-barcelona\/","og_locale":"es_ES","og_type":"article","og_title":"Cursus shelter bouwen, knopen leggen, tarp setups \u26fa\ufe0f | Outdoor Heroes","og_description":"Leer knopen leggen en shelters bouwen tijdens deze 1-daagse (8u) survival cursus in Alella bij Barcelona. Praktisch, hands-on, Nederlands- en Engelstalig.","og_url":"https:\/\/outdoorheroes.nl\/es\/producto\/curso-supervivencia-nudos-refugios-barcelona\/","og_site_name":"Outdoor Heroes","article_modified_time":"2026-03-19T14:21:01+00:00","og_image":[{"width":1920,"height":1280,"url":"https:\/\/outdoorheroes.nl\/wp-content\/uploads\/2022\/12\/building-natural-lean-to-shelter.webp","type":"image\/webp"}],"twitter_card":"summary_large_image","twitter_misc":{"Tiempo de lectura":"2 minutos"},"schema":{"@context":"https:\/\/schema.org","@graph":[{"@type":"WebPage","@id":"https:\/\/outdoorheroes.nl\/product\/cursus-knopen-shelters\/","url":"https:\/\/outdoorheroes.nl\/product\/cursus-knopen-shelters\/","name":"Curso de construcci\u00f3n de refugios cerca de Barcelona | Aprende a hacer nudos y a montar lonas \u26fa\ufe0f","isPartOf":{"@id":"https:\/\/outdoorheroes.nl\/#website"},"primaryImageOfPage":{"@id":"https:\/\/outdoorheroes.nl\/product\/cursus-knopen-shelters\/#primaryimage"},"image":{"@id":"https:\/\/outdoorheroes.nl\/product\/cursus-knopen-shelters\/#primaryimage"},"thumbnailUrl":"https:\/\/outdoorheroes.nl\/wp-content\/uploads\/2022\/12\/modified-a-frame-tarp-shelter.webp","datePublished":"2022-12-21T16:35:26+00:00","dateModified":"2026-03-19T14:21:01+00:00","description":"Aprende a hacer nudos y construir refugios durante este curso de supervivencia de un d\u00eda (8 horas) en Alella, Barcelona. Pr\u00e1ctico, con ejercicios manuales.","inLanguage":"es","potentialAction":[{"@type":"ReadAction","target":["https:\/\/outdoorheroes.nl\/product\/cursus-knopen-shelters\/"]}]},{"@type":"ImageObject","inLanguage":"es","@id":"https:\/\/outdoorheroes.nl\/product\/cursus-knopen-shelters\/#primaryimage","url":"https:\/\/outdoorheroes.nl\/wp-content\/uploads\/2022\/12\/modified-a-frame-tarp-shelter.webp","contentUrl":"https:\/\/outdoorheroes.nl\/wp-content\/uploads\/2022\/12\/modified-a-frame-tarp-shelter.webp","width":1920,"height":1280,"caption":"Knopen en shelter cursus: aangepaste A-frame tarp shelter in de sneeuw."},{"@type":"WebSite","@id":"https:\/\/outdoorheroes.nl\/#website","url":"https:\/\/outdoorheroes.nl\/","name":"Outdoor Heroes","description":"Outdoor Adventures, Survival Courses &amp; Team Building","publisher":{"@id":"https:\/\/outdoorheroes.nl\/#organization"},"potentialAction":[{"@type":"SearchAction","target":{"@type":"EntryPoint","urlTemplate":"https:\/\/outdoorheroes.nl\/?s={search_term_string}"},"query-input":{"@type":"PropertyValueSpecification","valueRequired":true,"valueName":"search_term_string"}}],"inLanguage":"es"},{"@type":"Organization","@id":"https:\/\/outdoorheroes.nl\/#organization","name":"Outdoor Heroes","url":"https:\/\/outdoorheroes.nl\/","logo":{"@type":"ImageObject","inLanguage":"es","@id":"https:\/\/outdoorheroes.nl\/#\/schema\/logo\/image\/","url":"https:\/\/outdoorheroes.nl\/wp-content\/uploads\/2026\/03\/outdoor-heroes-logo-bl.webp","contentUrl":"https:\/\/outdoorheroes.nl\/wp-content\/uploads\/2026\/03\/outdoor-heroes-logo-bl.webp","width":900,"height":900,"caption":"Outdoor Heroes"},"image":{"@id":"https:\/\/outdoorheroes.nl\/#\/schema\/logo\/image\/"},"sameAs":["https:\/\/www.instagram.com\/outdoorheroes.official\/","https:\/\/www.youtube.com\/@outdoorheroes.official\/"]}]}},"_links":{"self":[{"href":"https:\/\/outdoorheroes.nl\/es\/wp-json\/wp\/v2\/product\/200","targetHints":{"allow":["GET"]}}],"collection":[{"href":"https:\/\/outdoorheroes.nl\/es\/wp-json\/wp\/v2\/product"}],"about":[{"href":"https:\/\/outdoorheroes.nl\/es\/wp-json\/wp\/v2\/types\/product"}],"wp:featuredmedia":[{"embeddable":true,"href":"https:\/\/outdoorheroes.nl\/es\/wp-json\/wp\/v2\/media\/13438"}],"wp:attachment":[{"href":"https:\/\/outdoorheroes.nl\/es\/wp-json\/wp\/v2\/media?parent=200"}],"wp:term":[{"taxonomy":"product_brand","embeddable":true,"href":"https:\/\/outdoorheroes.nl\/es\/wp-json\/wp\/v2\/product_brand?post=200"},{"taxonomy":"product_cat","embeddable":true,"href":"https:\/\/outdoorheroes.nl\/es\/wp-json\/wp\/v2\/product_cat?post=200"},{"taxonomy":"product_tag","embeddable":true,"href":"https:\/\/outdoorheroes.nl\/es\/wp-json\/wp\/v2\/product_tag?post=200"}],"curies":[{"name":"wp","href":"https:\/\/api.w.org\/{rel}","templated":true}]}}